{"id":1067,"date":"2020-11-24T19:12:28","date_gmt":"2020-11-24T17:12:28","guid":{"rendered":"https:\/\/hartam.fi\/kiinteistojen-kuntotarkastukset\/"},"modified":"2025-05-23T12:08:45","modified_gmt":"2025-05-23T10:08:45","slug":"fastighetsbesiktningar","status":"publish","type":"page","link":"https:\/\/hartam.fi\/sv\/fastighetsbesiktningar\/","title":{"rendered":"Fastighetsbesiktningar"},"content":{"rendered":"<p>[et_pb_section fb_built=&#8221;1&#8243; custom_padding_last_edited=&#8221;on|phone&#8221; admin_label=&#8221;Missio Alasivun otsikko&#8221; _builder_version=&#8221;4.20.2&#8243; use_background_color_gradient=&#8221;on&#8221; background_color_gradient_stops=&#8221;rgba(10,10,10,0.73) 1%|rgba(10,10,10,0.83) 100%&#8221; background_color_gradient_overlays_image=&#8221;on&#8221; background_color_gradient_start=&#8221;rgba(43,43,43,0.5)&#8221; background_color_gradient_end=&#8221;rgba(48,48,48,0.66)&#8221; background_image=&#8221;https:\/\/hartam.fi\/wp-content\/uploads\/2023\/03\/shutterstock_1837802734.jpg&#8221; parallax=&#8221;on&#8221; positioning=&#8221;none&#8221; custom_margin=&#8221;-16vh||||false|false&#8221; custom_margin_tablet=&#8221;-16vh||||false|false&#8221; custom_margin_phone=&#8221;-80px||||false|false&#8221; custom_margin_last_edited=&#8221;on|phone&#8221; custom_padding=&#8221;25vh||7vh||false|false&#8221; custom_padding_tablet=&#8221;22vh||5vh||false|false&#8221; custom_padding_phone=&#8221;93px||3vh||false|false&#8221; locked=&#8221;off&#8221; global_colors_info=&#8221;{}&#8221;][et_pb_row _builder_version=&#8221;4.19.5&#8243; global_colors_info=&#8221;{}&#8221;][et_pb_column type=&#8221;4_4&#8243; _builder_version=&#8221;4.16&#8243; global_colors_info=&#8221;{}&#8221;][et_pb_text _builder_version=&#8221;4.20.2&#8243; header_font=&#8221;|800|||||||&#8221; header_text_align=&#8221;center&#8221; header_text_color=&#8221;#ffffff&#8221; header_font_size=&#8221;46px&#8221; custom_margin=&#8221;||12px|||&#8221; header_font_size_tablet=&#8221;36px&#8221; header_font_size_phone=&#8221;29px&#8221; header_font_size_last_edited=&#8221;on|phone&#8221; global_colors_info=&#8221;{}&#8221;]<\/p>\n<h1><span>Omfattande inspektions tj\u00e4nster <\/span><\/h1>\n<p>[\/et_pb_text][\/et_pb_column][\/et_pb_row][\/et_pb_section][et_pb_section fb_built=&#8221;1&#8243; custom_padding_last_edited=&#8221;on|phone&#8221; admin_label=&#8221;Missio Valkea osio&#8221; _builder_version=&#8221;4.19.5&#8243; background_color=&#8221;#FFFFFF&#8221; custom_padding=&#8221;7vh||7vh||true|false&#8221; custom_padding_tablet=&#8221;4vh||4vh||true|false&#8221; custom_padding_phone=&#8221;3vh||3vh||true|false&#8221; global_colors_info=&#8221;{}&#8221;][et_pb_row column_structure=&#8221;3_5,2_5&#8243; _builder_version=&#8221;4.19.5&#8243; max_width=&#8221;2560px&#8221; global_colors_info=&#8221;{}&#8221;][et_pb_column type=&#8221;3_5&#8243; _builder_version=&#8221;4.16&#8243; global_colors_info=&#8221;{}&#8221;][et_pb_text _builder_version=&#8221;4.27.4&#8243; header_font_size=&#8221;34px&#8221; header_2_font=&#8221;|800|||||||&#8221; header_2_text_color=&#8221;gcid-43508936-0565-4258-b9b9-165d4cc484fd&#8221; header_2_font_size=&#8221;30px&#8221; custom_margin=&#8221;||10px|||&#8221; hover_enabled=&#8221;0&#8243; global_colors_info=&#8221;{%22gcid-43508936-0565-4258-b9b9-165d4cc484fd%22:%91%22header_2_text_color%22%93}&#8221; header_2_text_align=&#8221;left&#8221; sticky_enabled=&#8221;0&#8243;]<\/p>\n<h2><span>Objektsinspektion<\/span><\/h2>\n<p>[\/et_pb_text][et_pb_text _builder_version=&#8221;4.21.0&#8243; global_colors_info=&#8221;{}&#8221;]<\/p>\n<p>Inspektioner och unders\u00f6kningar av fastigheter, l\u00e4genheter och byggnader, inklusive kr\u00e4vande unders\u00f6kningar.<\/p>\n<p>Varje objekt \u00e4r unikt och inspektionen g\u00f6rs med en icke-brytande metod.<\/p>\n<h3>Objektsinspektion inkluderar:<\/h3>\n<ul>\n<li>Byggnadsinspektion<\/li>\n<li>Fukt- och fuktp\u00e5verkningstestning.<\/li>\n<li>Termografering<\/li>\n<li>Inspektion av strukturer och r\u00f6rsystem med olika metoder.<\/li>\n<\/ul>\n<p>En f\u00f6rdjupad inspektion som kr\u00e4vs efter inspektionen anpassas baserat p\u00e5 observationerna.<\/p>\n<p>[\/et_pb_text][et_pb_button button_url=&#8221;@ET-DC@eyJkeW5hbWljIjp0cnVlLCJjb250ZW50IjoicG9zdF9saW5rX3VybF9wYWdlIiwic2V0dGluZ3MiOnsicG9zdF9pZCI6IjI5NCJ9fQ==@&#8221; button_text=&#8221;Boka objektsinspektion&#8221; button_alignment=&#8221;left&#8221; button_alignment_tablet=&#8221;center&#8221; button_alignment_phone=&#8221;center&#8221; button_alignment_last_edited=&#8221;off|desktop&#8221; _builder_version=&#8221;4.27.4&#8243; _dynamic_attributes=&#8221;button_url&#8221; hover_enabled=&#8221;0&#8243; global_colors_info=&#8221;{}&#8221; sticky_enabled=&#8221;0&#8243;][\/et_pb_button][\/et_pb_column][et_pb_column type=&#8221;2_5&#8243; _builder_version=&#8221;4.16&#8243; global_colors_info=&#8221;{}&#8221;][et_pb_image src=&#8221;https:\/\/hartam.fi\/wp-content\/uploads\/2023\/03\/shutterstock_1654087702.jpg&#8221; alt=&#8221;man in gray t-shirt working remotely on a laptop&#8221; title_text=&#8221;Man,On,Top,Of,Ladder,Cleaning,Moss,And,Dirt,From&#8221; _builder_version=&#8221;4.20.2&#8243; box_shadow_style=&#8221;preset4&#8243; box_shadow_horizontal=&#8221;25px&#8221; box_shadow_color=&#8221;gcid-43508936-0565-4258-b9b9-165d4cc484fd&#8221; global_colors_info=&#8221;{%22gcid-43508936-0565-4258-b9b9-165d4cc484fd%22:%91%22box_shadow_color%22%93}&#8221;][\/et_pb_image][\/et_pb_column][\/et_pb_row][\/et_pb_section][et_pb_section fb_built=&#8221;1&#8243; custom_padding_last_edited=&#8221;on|phone&#8221; admin_label=&#8221;Missio Harmaa osio&#8221; _builder_version=&#8221;4.19.5&#8243; background_color=&#8221;#eaeaea&#8221; custom_padding=&#8221;7vh||7vh||true|false&#8221; custom_padding_tablet=&#8221;4vh||4vh||true|false&#8221; custom_padding_phone=&#8221;3vh||3vh||true|false&#8221; global_colors_info=&#8221;{}&#8221;][et_pb_row column_structure=&#8221;1_2,1_2&#8243; _builder_version=&#8221;4.20.2&#8243; width_last_edited=&#8221;off|desktop&#8221; max_width=&#8221;2560px&#8221; global_colors_info=&#8221;{}&#8221;][et_pb_column type=&#8221;1_2&#8243; _builder_version=&#8221;4.16&#8243; global_colors_info=&#8221;{}&#8221;][et_pb_text _builder_version=&#8221;4.27.4&#8243; header_2_text_color=&#8221;gcid-43508936-0565-4258-b9b9-165d4cc484fd&#8221; hover_enabled=&#8221;0&#8243; global_colors_info=&#8221;{%22gcid-43508936-0565-4258-b9b9-165d4cc484fd%22:%91%22header_2_text_color%22%93}&#8221; header_2_text_align=&#8221;left&#8221; sticky_enabled=&#8221;0&#8243;]<\/p>\n<h2><strong>Inomhusluftskvalitet<\/strong><\/h2>\n<p>Det \u00e4r nu en bra tid att genomf\u00f6ra inomhusluftsprover<\/p>\n<p>Till exempel med qPCR-luftprov eller Andersen 6-stegs impaktor.<\/p>\n<p>Tillf\u00f6rlitliga prover tas i samarbete med en finsk toppklasslaboratorium.<\/p>\n<p>[\/et_pb_text][\/et_pb_column][et_pb_column type=&#8221;1_2&#8243; _builder_version=&#8221;4.16&#8243; global_colors_info=&#8221;{}&#8221;][et_pb_text _builder_version=&#8221;4.27.4&#8243; header_2_text_color=&#8221;gcid-43508936-0565-4258-b9b9-165d4cc484fd&#8221; header_2_text_align=&#8221;left&#8221; sticky_enabled=&#8221;0&#8243; global_colors_info=&#8221;{%22gcid-43508936-0565-4258-b9b9-165d4cc484fd%22:%91%22header_2_text_color%22,%22header_2_text_color%22%93}&#8221; header_2_font=&#8221;|700|||||||&#8221; hover_enabled=&#8221;0&#8243;]<\/p>\n<h2>Asbestunders\u00f6kningar<\/h2>\n<p>Vi utf\u00f6r ocks\u00e5 asbestunders\u00f6kningar och enskilda asbestprover analyseras antingen snabbt inom tv\u00e5 arbetsdagar eller p\u00e5 mindre \u00e4n 10 dagar.<\/p>\n<p>[\/et_pb_text][\/et_pb_column][\/et_pb_row][\/et_pb_section][et_pb_section fb_built=&#8221;1&#8243; custom_padding_last_edited=&#8221;on|phone&#8221; admin_label=&#8221;Missio Valkea osio&#8221; _builder_version=&#8221;4.19.5&#8243; background_color=&#8221;#FFFFFF&#8221; custom_padding=&#8221;7vh||7vh||true|false&#8221; custom_padding_tablet=&#8221;4vh||4vh||true|false&#8221; custom_padding_phone=&#8221;3vh||3vh||true|false&#8221; global_colors_info=&#8221;{}&#8221;][et_pb_row column_structure=&#8221;3_5,2_5&#8243; _builder_version=&#8221;4.19.5&#8243; max_width=&#8221;2560px&#8221; global_colors_info=&#8221;{}&#8221;][et_pb_column type=&#8221;3_5&#8243; _builder_version=&#8221;4.16&#8243; global_colors_info=&#8221;{}&#8221;][et_pb_text _builder_version=&#8221;4.27.4&#8243; header_font_size=&#8221;34px&#8221; header_2_font=&#8221;|800|||||||&#8221; header_2_text_color=&#8221;gcid-43508936-0565-4258-b9b9-165d4cc484fd&#8221; header_2_font_size=&#8221;30px&#8221; custom_margin=&#8221;||10px|||&#8221; hover_enabled=&#8221;0&#8243; global_colors_info=&#8221;{%22gcid-43508936-0565-4258-b9b9-165d4cc484fd%22:%91%22header_2_text_color%22%93}&#8221; header_2_text_align=&#8221;left&#8221; sticky_enabled=&#8221;0&#8243;]<\/p>\n<h2><span>Med stark erfarenhet uppn\u00e5s \u00f6nskat resultat <\/span><\/h2>\n<p>[\/et_pb_text][et_pb_text _builder_version=&#8221;4.21.0&#8243; global_colors_info=&#8221;{}&#8221;]<\/p>\n<p>Inspektionserfarenhet fr\u00e5n olika tidsperioder och eventuella riskstrukturer \u00e4r n\u00f6dv\u00e4ndigt f\u00f6r att uppn\u00e5 p\u00e5litliga inspektionsresultat.<\/p>\n<p>Vi har erfarenhet fr\u00e5n \u00f6ver 30 \u00e5r. Vi anv\u00e4nder riktlinjekorten KH-90-00403 och KH-90-00394 som en del av inspektionen.<\/p>\n<p>[\/et_pb_text][et_pb_button button_url=&#8221;@ET-DC@eyJkeW5hbWljIjp0cnVlLCJjb250ZW50IjoicG9zdF9saW5rX3VybF9wYWdlIiwic2V0dGluZ3MiOnsicG9zdF9pZCI6IjI5NCJ9fQ==@&#8221; button_text=&#8221;Boka tid f\u00f6r inspektion&#8221; button_alignment=&#8221;left&#8221; button_alignment_tablet=&#8221;center&#8221; button_alignment_phone=&#8221;center&#8221; button_alignment_last_edited=&#8221;off|desktop&#8221; _builder_version=&#8221;4.27.4&#8243; _dynamic_attributes=&#8221;button_url&#8221; hover_enabled=&#8221;0&#8243; global_colors_info=&#8221;{}&#8221; sticky_enabled=&#8221;0&#8243;][\/et_pb_button][\/et_pb_column][et_pb_column type=&#8221;2_5&#8243; _builder_version=&#8221;4.16&#8243; global_colors_info=&#8221;{}&#8221;][et_pb_image src=&#8221;https:\/\/hartam.fi\/wp-content\/uploads\/2023\/03\/shutterstock_1837802734.jpg&#8221; alt=&#8221;man and woman sitting in front of silver macbook&#8221; title_text=&#8221;Aerial,View,Of,The,Old,Apartment,Building.,The,Red,Virginia&#8221; _builder_version=&#8221;4.20.2&#8243; box_shadow_style=&#8221;preset4&#8243; box_shadow_horizontal=&#8221;25px&#8221; box_shadow_color=&#8221;gcid-43508936-0565-4258-b9b9-165d4cc484fd&#8221; global_colors_info=&#8221;{%22gcid-43508936-0565-4258-b9b9-165d4cc484fd%22:%91%22box_shadow_color%22%93}&#8221;][\/et_pb_image][\/et_pb_column][\/et_pb_row][\/et_pb_section][et_pb_section fb_built=&#8221;1&#8243; custom_padding_last_edited=&#8221;on|phone&#8221; admin_label=&#8221;Missio Harmaa osio&#8221; _builder_version=&#8221;4.19.5&#8243; background_color=&#8221;#eaeaea&#8221; custom_padding=&#8221;7vh||7vh||true|false&#8221; custom_padding_tablet=&#8221;4vh||4vh||true|false&#8221; custom_padding_phone=&#8221;3vh||3vh||true|false&#8221; global_colors_info=&#8221;{}&#8221;][et_pb_row column_structure=&#8221;2_5,3_5&#8243; _builder_version=&#8221;4.19.5&#8243; width_last_edited=&#8221;off|desktop&#8221; max_width=&#8221;2560px&#8221; global_colors_info=&#8221;{}&#8221;][et_pb_column type=&#8221;2_5&#8243; _builder_version=&#8221;4.16&#8243; global_colors_info=&#8221;{}&#8221;][et_pb_image src=&#8221;https:\/\/hartam.fi\/wp-content\/uploads\/2023\/03\/shutterstock_500275282.jpg&#8221; alt=&#8221;man standing in front of group of men&#8221; title_text=&#8221;Winter,Lake,In,Forest,With,House&#8221; _builder_version=&#8221;4.20.2&#8243; box_shadow_style=&#8221;preset4&#8243; box_shadow_horizontal=&#8221;-25px&#8221; box_shadow_color=&#8221;gcid-43508936-0565-4258-b9b9-165d4cc484fd&#8221; global_colors_info=&#8221;{%22gcid-43508936-0565-4258-b9b9-165d4cc484fd%22:%91%22box_shadow_color%22%93}&#8221;][\/et_pb_image][\/et_pb_column][et_pb_column type=&#8221;3_5&#8243; _builder_version=&#8221;4.16&#8243; global_colors_info=&#8221;{}&#8221;][et_pb_text _builder_version=&#8221;4.27.4&#8243; header_font_size=&#8221;34px&#8221; header_2_font=&#8221;|800|||||||&#8221; header_2_text_color=&#8221;gcid-43508936-0565-4258-b9b9-165d4cc484fd&#8221; header_2_font_size=&#8221;30px&#8221; custom_margin=&#8221;||10px|||&#8221; hover_enabled=&#8221;0&#8243; global_colors_info=&#8221;{%22gcid-43508936-0565-4258-b9b9-165d4cc484fd%22:%91%22header_2_text_color%22%93}&#8221; header_2_text_align=&#8221;left&#8221; sticky_enabled=&#8221;0&#8243;]<\/p>\n<h2><span>F\u00f6rdjupade inspektioner <\/span><\/h2>\n<p>[\/et_pb_text][et_pb_text _builder_version=&#8221;4.21.0&#8243; global_colors_info=&#8221;{}&#8221;]<\/p>\n<p>Efter att en avvikelse eller ett fel har uppt\u00e4ckts, rekommenderar vi en f\u00f6rdjupad inspektion. F\u00f6rdjupade inspektioner \u00e4r s\u00e4llsynta men ibland n\u00f6dv\u00e4ndiga.<\/p>\n<p>En f\u00f6rdjupad inspektion som g\u00f6rs med en brytande metod g\u00f6rs om m\u00f6jligt utan att l\u00e4mna n\u00e5gra sp\u00e5r.<\/p>\n<p>[\/et_pb_text][et_pb_text _builder_version=&#8221;4.23&#8243; custom_margin=&#8221;||19px|||&#8221; locked=&#8221;off&#8221; global_colors_info=&#8221;{}&#8221;]<\/p>\n<h3><span>Granskning och planering av reparation f\u00f6r en identifierad riskkonstruktion eller skada<\/span><\/h3>\n<ul>\n<li><span>Problem fr\u00e5n 1940-50-talen s\u00e5som kondensskador, problem med ventilerade golv och deras inspektion och l\u00f6sningar. <\/span><\/li>\n<li><span>Problem fr\u00e5n 1960-70-talen s\u00e5som falska sockelstrukturer, flacka tak eller l\u00e5ga grunder och deras inspektion och l\u00f6sningar. <\/span><\/li>\n<li><span>L\u00f6sningar p\u00e5 problem med moderna ventilerade golv. <\/span><\/li>\n<li><span>Fuktbelastning och problem i k\u00e4llarbyggnader, 1930-2023. <\/span><\/li>\n<li><span>Inspektion av riskkonstruktioner och skador fr\u00e5n andra byggnadsepoker. <\/span><\/li>\n<li><span>Dessa kr\u00e4vande inspektioner utf\u00f6rs p\u00e5 timbasis eller baserat p\u00e5 offert.<\/span><\/li>\n<\/ul>\n<p>[\/et_pb_text][et_pb_button button_url=&#8221;@ET-DC@eyJkeW5hbWljIjp0cnVlLCJjb250ZW50IjoicG9zdF9saW5rX3VybF9wYWdlIiwic2V0dGluZ3MiOnsicG9zdF9pZCI6Ijg1MSJ9fQ==@&#8221; button_text=&#8221;Se exempel&#8221; button_alignment=&#8221;left&#8221; button_alignment_tablet=&#8221;center&#8221; button_alignment_phone=&#8221;center&#8221; button_alignment_last_edited=&#8221;off|desktop&#8221; _builder_version=&#8221;4.27.4&#8243; _dynamic_attributes=&#8221;button_url&#8221; hover_enabled=&#8221;0&#8243; global_colors_info=&#8221;{}&#8221; sticky_enabled=&#8221;0&#8243;][\/et_pb_button][\/et_pb_column][\/et_pb_row][\/et_pb_section][et_pb_section fb_built=&#8221;1&#8243; custom_padding_last_edited=&#8221;on|phone&#8221; admin_label=&#8221;Missio Valkea osio&#8221; _builder_version=&#8221;4.19.5&#8243; background_color=&#8221;#FFFFFF&#8221; custom_padding=&#8221;7vh||7vh||true|false&#8221; custom_padding_tablet=&#8221;4vh||4vh||true|false&#8221; custom_padding_phone=&#8221;3vh||3vh||true|false&#8221; locked=&#8221;off&#8221; global_colors_info=&#8221;{}&#8221;][et_pb_row column_structure=&#8221;3_5,2_5&#8243; _builder_version=&#8221;4.19.5&#8243; max_width=&#8221;2560px&#8221; global_colors_info=&#8221;{}&#8221;][et_pb_column type=&#8221;3_5&#8243; _builder_version=&#8221;4.16&#8243; global_colors_info=&#8221;{}&#8221;][et_pb_text _builder_version=&#8221;4.27.4&#8243; header_font_size=&#8221;34px&#8221; header_2_font=&#8221;|800|||||||&#8221; header_2_text_color=&#8221;gcid-43508936-0565-4258-b9b9-165d4cc484fd&#8221; header_2_font_size=&#8221;30px&#8221; custom_margin=&#8221;||10px|||&#8221; hover_enabled=&#8221;0&#8243; global_colors_info=&#8221;{%22gcid-43508936-0565-4258-b9b9-165d4cc484fd%22:%91%22header_2_text_color%22%93}&#8221; header_2_text_align=&#8221;left&#8221; sticky_enabled=&#8221;0&#8243;]<\/p>\n<h2>Underh\u00e5llskonsultation<\/h2>\n<p>[\/et_pb_text][et_pb_text _builder_version=&#8221;4.27.0&#8243; global_colors_info=&#8221;{}&#8221;]<\/p>\n<p>Kunder beh\u00f6ver ofta konsultation i samband med renoveringar efter att ha k\u00f6pt ett hus. Vi erbjuder tj\u00e4nster som &#8217;R\u00e5dgivning efter husk\u00f6p&#8217;, &#8217;Underh\u00e5llsguide f\u00f6r nya \u00e4gare&#8217; och &#8217;Renoveringsplanering&#8217;. Jag arbetar som konsult inom husreparationer och underh\u00e5ll och har 37 \u00e5rs erfarenhet inom branschen.<\/p>\n<p>Min expertis t\u00e4cker alla aspekter av huskonstruktioner och renoveringar. Jag vet vilka l\u00f6sningar som fungerar b\u00e4st i olika typer av hus och hj\u00e4lper dig att undvika kostsamma misstag. Med min erfarenhet har jag en tydlig f\u00f6rdel: jag f\u00f6rst\u00e5r byggtekniker fr\u00e5n olika tidsperioder, fr\u00e5n 1800-talets byggnader till dagens hus, och tar h\u00e4nsyn till deras s\u00e4rskilda egenskaper i allt mitt arbete.<\/p>\n<p>[\/et_pb_text][et_pb_button button_url=&#8221;@ET-DC@eyJkeW5hbWljIjp0cnVlLCJjb250ZW50IjoicG9zdF9saW5rX3VybF9wYWdlIiwic2V0dGluZ3MiOnsicG9zdF9pZCI6IjI5NCJ9fQ==@&#8221; button_text=&#8221;Ta kontakt!&#8221; button_alignment=&#8221;left&#8221; button_alignment_tablet=&#8221;center&#8221; button_alignment_phone=&#8221;center&#8221; button_alignment_last_edited=&#8221;off|desktop&#8221; _builder_version=&#8221;4.27.4&#8243; _dynamic_attributes=&#8221;button_url&#8221; hover_enabled=&#8221;0&#8243; global_colors_info=&#8221;{}&#8221; sticky_enabled=&#8221;0&#8243;][\/et_pb_button][\/et_pb_column][et_pb_column type=&#8221;2_5&#8243; _builder_version=&#8221;4.16&#8243; global_colors_info=&#8221;{}&#8221;][et_pb_image src=&#8221;https:\/\/hartam.fi\/wp-content\/uploads\/2024\/08\/shutterstock_1944042019.jpg&#8221; alt=&#8221;man and woman sitting in front of silver macbook&#8221; title_text=&#8221;Wood,Deck,Renovation,Treatment,,The,Person,Applying,Protective,Wood,Stain&#8221; _builder_version=&#8221;4.27.0&#8243; box_shadow_style=&#8221;preset4&#8243; box_shadow_horizontal=&#8221;25px&#8221; box_shadow_color=&#8221;gcid-43508936-0565-4258-b9b9-165d4cc484fd&#8221; global_colors_info=&#8221;{%22gcid-43508936-0565-4258-b9b9-165d4cc484fd%22:%91%22box_shadow_color%22%93}&#8221;][\/et_pb_image][\/et_pb_column][\/et_pb_row][\/et_pb_section][et_pb_section fb_built=&#8221;1&#8243; custom_padding_last_edited=&#8221;on|phone&#8221; admin_label=&#8221;Missio Harmaa osio&#8221; _builder_version=&#8221;4.19.5&#8243; background_color=&#8221;#eaeaea&#8221; custom_padding=&#8221;7vh||7vh||true|false&#8221; custom_padding_tablet=&#8221;4vh||4vh||true|false&#8221; custom_padding_phone=&#8221;3vh||3vh||true|false&#8221; global_colors_info=&#8221;{}&#8221;][et_pb_row column_structure=&#8221;2_5,3_5&#8243; _builder_version=&#8221;4.19.5&#8243; width_last_edited=&#8221;off|desktop&#8221; max_width=&#8221;2560px&#8221; global_colors_info=&#8221;{}&#8221;][et_pb_column type=&#8221;2_5&#8243; _builder_version=&#8221;4.16&#8243; global_colors_info=&#8221;{}&#8221;][et_pb_image src=&#8221;https:\/\/hartam.fi\/wp-content\/uploads\/2025\/05\/shutterstock_1383950441.jpg&#8221; alt=&#8221;man standing in front of group of men&#8221; title_text=&#8221;Architectural,Construction,Drawings,Twisted,Into,A,Roll,,Construction,Projects,On&#8221; _builder_version=&#8221;4.27.4&#8243; hover_enabled=&#8221;0&#8243; box_shadow_style=&#8221;preset4&#8243; box_shadow_horizontal=&#8221;-25px&#8221; box_shadow_color=&#8221;gcid-43508936-0565-4258-b9b9-165d4cc484fd&#8221; global_colors_info=&#8221;{%22gcid-43508936-0565-4258-b9b9-165d4cc484fd%22:%91%22box_shadow_color%22%93}&#8221; sticky_enabled=&#8221;0&#8243;][\/et_pb_image][\/et_pb_column][et_pb_column type=&#8221;3_5&#8243; _builder_version=&#8221;4.16&#8243; global_colors_info=&#8221;{}&#8221;][et_pb_text _builder_version=&#8221;4.27.4&#8243; header_font_size=&#8221;34px&#8221; header_2_font=&#8221;|800|||||||&#8221; header_2_text_color=&#8221;gcid-43508936-0565-4258-b9b9-165d4cc484fd&#8221; header_2_font_size=&#8221;30px&#8221; custom_margin=&#8221;||10px|||&#8221; hover_enabled=&#8221;0&#8243; global_colors_info=&#8221;{%22gcid-43508936-0565-4258-b9b9-165d4cc484fd%22:%91%22header_2_text_color%22%93}&#8221; header_2_text_align=&#8221;left&#8221; sticky_enabled=&#8221;0&#8243;]<\/p>\n<h2>Ingenj\u00f6rs- och RTA-tj\u00e4nster<\/h2>\n<p>[\/et_pb_text][et_pb_text _builder_version=&#8221;4.27.4&#8243; hover_enabled=&#8221;0&#8243; global_colors_info=&#8221;{}&#8221; sticky_enabled=&#8221;0&#8243;]<\/p>\n<p>Vi erbjuder \u00e4ven ingenj\u00f6rs- och RTA-tj\u00e4nster vid behov. Det kan till exempel handla om konstruktionsl\u00f6sningar, expertutl\u00e5tanden samt RTA-niv\u00e5ns utredningar av inomhusluft- och fuktproblem. Tj\u00e4nsterna anpassas alltid efter objektets behov i samarbete med best\u00e4llaren.<\/p>\n<p>[\/et_pb_text][et_pb_button button_url=&#8221;@ET-DC@eyJkeW5hbWljIjp0cnVlLCJjb250ZW50IjoicG9zdF9saW5rX3VybF9wYWdlIiwic2V0dGluZ3MiOnsicG9zdF9pZCI6IjI5NCJ9fQ==@&#8221; button_text=&#8221;Ta kontakt!&#8221; button_alignment=&#8221;left&#8221; button_alignment_tablet=&#8221;center&#8221; button_alignment_phone=&#8221;center&#8221; button_alignment_last_edited=&#8221;off|desktop&#8221; _builder_version=&#8221;4.27.4&#8243; _dynamic_attributes=&#8221;button_url&#8221; hover_enabled=&#8221;0&#8243; global_colors_info=&#8221;{}&#8221; sticky_enabled=&#8221;0&#8243;][\/et_pb_button][\/et_pb_column][\/et_pb_row][\/et_pb_section]<\/p>\n","protected":false},"excerpt":{"rendered":"<p>Omfattande inspektions tj\u00e4nster ObjektsinspektionInspektioner och unders\u00f6kningar av fastigheter, l\u00e4genheter och byggnader, inklusive kr\u00e4vande unders\u00f6kningar. Varje objekt \u00e4r unikt och inspektionen g\u00f6rs med en icke-brytande metod. Objektsinspektion inkluderar: Byggnadsinspektion Fukt- och fuktp\u00e5verkningstestning. Termografering Inspektion av strukturer och r\u00f6rsystem med olika metoder. En f\u00f6rdjupad inspektion som kr\u00e4vs efter inspektionen anpassas baserat p\u00e5 observationerna.Inomhusluftskvalitet Det \u00e4r nu en [&hellip;]<\/p>\n","protected":false},"author":2,"featured_media":0,"parent":0,"menu_order":0,"comment_status":"closed","ping_status":"closed","template":"","meta":{"_et_pb_use_builder":"on","_et_pb_old_content":"","_et_gb_content_width":"","footnotes":""},"class_list":["post-1067","page","type-page","status-publish","hentry"],"_links":{"self":[{"href":"https:\/\/hartam.fi\/sv\/wp-json\/wp\/v2\/pages\/1067","targetHints":{"allow":["GET"]}}],"collection":[{"href":"https:\/\/hartam.fi\/sv\/wp-json\/wp\/v2\/pages"}],"about":[{"href":"https:\/\/hartam.fi\/sv\/wp-json\/wp\/v2\/types\/page"}],"author":[{"embeddable":true,"href":"https:\/\/hartam.fi\/sv\/wp-json\/wp\/v2\/users\/2"}],"replies":[{"embeddable":true,"href":"https:\/\/hartam.fi\/sv\/wp-json\/wp\/v2\/comments?post=1067"}],"version-history":[{"count":5,"href":"https:\/\/hartam.fi\/sv\/wp-json\/wp\/v2\/pages\/1067\/revisions"}],"predecessor-version":[{"id":1200,"href":"https:\/\/hartam.fi\/sv\/wp-json\/wp\/v2\/pages\/1067\/revisions\/1200"}],"wp:attachment":[{"href":"https:\/\/hartam.fi\/sv\/wp-json\/wp\/v2\/media?parent=1067"}],"curies":[{"name":"wp","href":"https:\/\/api.w.org\/{rel}","templated":true}]}}